{"id":3227,"date":"2022-02-01T11:20:41","date_gmt":"2022-02-01T10:20:41","guid":{"rendered":"https:\/\/www.esplanadetergesteo.it\/hotel-e-servizi\/"},"modified":"2022-10-28T16:07:48","modified_gmt":"2022-10-28T14:07:48","slug":"hotel-und-leistungen","status":"publish","type":"page","link":"https:\/\/www.esplanadetergesteo.it\/de\/hotel-und-leistungen\/","title":{"rendered":"Hotel &#038; Facilities"},"content":{"rendered":"<p><strong>Das exklusive Wohlbefinden und der Komfort des Esplanade Tergesteo &#8211; Luxury Retreat<\/strong><\/p>\n<p>Schlie\u00dfen Sie die Augen und lassen Sie sich von den D\u00fcften verzaubern, zu neuen Reizen transportieren, zur Verwirklichung Ihrer Tr\u00e4ume.<\/p>\n<p>Ein Ort der Ruhe, an dem Sie im Hintergrund dem Rauschen des Thermalwassers lauschen k\u00f6nnen.<\/p>\n","protected":false},"excerpt":{"rendered":"<p>Das exklusive Wohlbefinden und der Komfort des Esplanade Tergesteo &#8211; Luxury Retreat Schlie\u00dfen Sie die Augen und lassen Sie sich von den D\u00fcften verzaubern, zu neuen Reizen transportieren, zur Verwirklichung Ihrer Tr\u00e4ume. Ein Ort der Ruhe, an dem Sie im Hintergrund dem Rauschen des Thermalwassers lauschen k\u00f6nnen.<\/p>\n","protected":false},"author":9,"featured_media":1029,"parent":0,"menu_order":0,"comment_status":"closed","ping_status":"closed","template":"templates\/template-services.php","meta":{"_acf_changed":false,"_joinchat":[]},"class_list":["post-3227","page","type-page","status-publish","has-post-thumbnail","hentry"],"acf":[],"yoast_head":"<!-- This site is optimized with the Yoast SEO plugin v27.1.1 - https:\/\/yoast.com\/product\/yoast-seo-wordpress\/ -->\n<title>Hotel &amp; Facilities - Esplanade Tergesteo<\/title>\n<meta name=\"description\" content=\"Das Thermenhotel f\u00fcr eine erstklassige Auszeit in stilvollem Ambiente. Erfahren Sie hier mehr \u00fcber unsere Philosophie, Vision und Gastfreundschaft.\" \/>\n<meta name=\"robots\" content=\"index, follow, max-snippet:-1, max-image-preview:large, max-video-preview:-1\" \/>\n<link rel=\"canonical\" href=\"https:\/\/www.esplanadetergesteo.it\/de\/hotel-und-leistungen\/\" \/>\n<meta property=\"og:locale\" content=\"de_DE\" \/>\n<meta property=\"og:type\" content=\"article\" \/>\n<meta property=\"og:title\" content=\"Hotel &amp; Facilities - Esplanade Tergesteo\" \/>\n<meta property=\"og:description\" content=\"Das Thermenhotel f\u00fcr eine erstklassige Auszeit in stilvollem Ambiente. Erfahren Sie hier mehr \u00fcber unsere Philosophie, Vision und Gastfreundschaft.\" \/>\n<meta property=\"og:url\" content=\"https:\/\/www.esplanadetergesteo.it\/de\/hotel-und-leistungen\/\" \/>\n<meta property=\"og:site_name\" content=\"Esplanade Tergesteo\" \/>\n<meta property=\"article:modified_time\" content=\"2022-10-28T14:07:48+00:00\" \/>\n<meta property=\"og:image\" content=\"https:\/\/www.esplanadetergesteo.it\/wp-content\/uploads\/2022\/02\/Banner_1.jpg\" \/>\n\t<meta property=\"og:image:width\" content=\"1440\" \/>\n\t<meta property=\"og:image:height\" content=\"880\" \/>\n\t<meta property=\"og:image:type\" content=\"image\/jpeg\" \/>\n<meta name=\"twitter:card\" content=\"summary_large_image\" \/>\n<meta name=\"twitter:label1\" content=\"Gesch\u00e4tzte Lesezeit\" \/>\n\t<meta name=\"twitter:data1\" content=\"1\u00a0Minute\" \/>\n<script type=\"application\/ld+json\" class=\"yoast-schema-graph\">{\"@context\":\"https:\/\/schema.org\",\"@graph\":[{\"@type\":\"WebPage\",\"@id\":\"https:\/\/www.esplanadetergesteo.it\/de\/hotel-und-leistungen\/\",\"url\":\"https:\/\/www.esplanadetergesteo.it\/de\/hotel-und-leistungen\/\",\"name\":\"Hotel & Facilities - Esplanade Tergesteo\",\"isPartOf\":{\"@id\":\"https:\/\/www.esplanadetergesteo.it\/#website\"},\"primaryImageOfPage\":{\"@id\":\"https:\/\/www.esplanadetergesteo.it\/de\/hotel-und-leistungen\/#primaryimage\"},\"image\":{\"@id\":\"https:\/\/www.esplanadetergesteo.it\/de\/hotel-und-leistungen\/#primaryimage\"},\"thumbnailUrl\":\"https:\/\/www.esplanadetergesteo.it\/wp-content\/uploads\/2022\/02\/Banner_1.jpg\",\"datePublished\":\"2022-02-01T10:20:41+00:00\",\"dateModified\":\"2022-10-28T14:07:48+00:00\",\"description\":\"Das Thermenhotel f\u00fcr eine erstklassige Auszeit in stilvollem Ambiente. Erfahren Sie hier mehr \u00fcber unsere Philosophie, Vision und Gastfreundschaft.\",\"breadcrumb\":{\"@id\":\"https:\/\/www.esplanadetergesteo.it\/de\/hotel-und-leistungen\/#breadcrumb\"},\"inLanguage\":\"de\",\"potentialAction\":[{\"@type\":\"ReadAction\",\"target\":[\"https:\/\/www.esplanadetergesteo.it\/de\/hotel-und-leistungen\/\"]}]},{\"@type\":\"ImageObject\",\"inLanguage\":\"de\",\"@id\":\"https:\/\/www.esplanadetergesteo.it\/de\/hotel-und-leistungen\/#primaryimage\",\"url\":\"https:\/\/www.esplanadetergesteo.it\/wp-content\/uploads\/2022\/02\/Banner_1.jpg\",\"contentUrl\":\"https:\/\/www.esplanadetergesteo.it\/wp-content\/uploads\/2022\/02\/Banner_1.jpg\",\"width\":1440,\"height\":880,\"caption\":\"hotel di lusso abano terme\"},{\"@type\":\"BreadcrumbList\",\"@id\":\"https:\/\/www.esplanadetergesteo.it\/de\/hotel-und-leistungen\/#breadcrumb\",\"itemListElement\":[{\"@type\":\"ListItem\",\"position\":1,\"name\":\"Home\",\"item\":\"https:\/\/www.esplanadetergesteo.it\/de\/\"},{\"@type\":\"ListItem\",\"position\":2,\"name\":\"Hotel &#038; Facilities\"}]},{\"@type\":\"WebSite\",\"@id\":\"https:\/\/www.esplanadetergesteo.it\/#website\",\"url\":\"https:\/\/www.esplanadetergesteo.it\/\",\"name\":\"Esplanade Tergesteo\",\"description\":\"\",\"potentialAction\":[{\"@type\":\"SearchAction\",\"target\":{\"@type\":\"EntryPoint\",\"urlTemplate\":\"https:\/\/www.esplanadetergesteo.it\/?s={search_term_string}\"},\"query-input\":{\"@type\":\"PropertyValueSpecification\",\"valueRequired\":true,\"valueName\":\"search_term_string\"}}],\"inLanguage\":\"de\"}]}<\/script>\n<!-- \/ Yoast SEO plugin. -->","yoast_head_json":{"title":"Hotel & Facilities - Esplanade Tergesteo","description":"Das Thermenhotel f\u00fcr eine erstklassige Auszeit in stilvollem Ambiente. Erfahren Sie hier mehr \u00fcber unsere Philosophie, Vision und Gastfreundschaft.","robots":{"index":"index","follow":"follow","max-snippet":"max-snippet:-1","max-image-preview":"max-image-preview:large","max-video-preview":"max-video-preview:-1"},"canonical":"https:\/\/www.esplanadetergesteo.it\/de\/hotel-und-leistungen\/","og_locale":"de_DE","og_type":"article","og_title":"Hotel & Facilities - Esplanade Tergesteo","og_description":"Das Thermenhotel f\u00fcr eine erstklassige Auszeit in stilvollem Ambiente. Erfahren Sie hier mehr \u00fcber unsere Philosophie, Vision und Gastfreundschaft.","og_url":"https:\/\/www.esplanadetergesteo.it\/de\/hotel-und-leistungen\/","og_site_name":"Esplanade Tergesteo","article_modified_time":"2022-10-28T14:07:48+00:00","og_image":[{"width":1440,"height":880,"url":"https:\/\/www.esplanadetergesteo.it\/wp-content\/uploads\/2022\/02\/Banner_1.jpg","type":"image\/jpeg"}],"twitter_card":"summary_large_image","twitter_misc":{"Gesch\u00e4tzte Lesezeit":"1\u00a0Minute"},"schema":{"@context":"https:\/\/schema.org","@graph":[{"@type":"WebPage","@id":"https:\/\/www.esplanadetergesteo.it\/de\/hotel-und-leistungen\/","url":"https:\/\/www.esplanadetergesteo.it\/de\/hotel-und-leistungen\/","name":"Hotel & Facilities - Esplanade Tergesteo","isPartOf":{"@id":"https:\/\/www.esplanadetergesteo.it\/#website"},"primaryImageOfPage":{"@id":"https:\/\/www.esplanadetergesteo.it\/de\/hotel-und-leistungen\/#primaryimage"},"image":{"@id":"https:\/\/www.esplanadetergesteo.it\/de\/hotel-und-leistungen\/#primaryimage"},"thumbnailUrl":"https:\/\/www.esplanadetergesteo.it\/wp-content\/uploads\/2022\/02\/Banner_1.jpg","datePublished":"2022-02-01T10:20:41+00:00","dateModified":"2022-10-28T14:07:48+00:00","description":"Das Thermenhotel f\u00fcr eine erstklassige Auszeit in stilvollem Ambiente. Erfahren Sie hier mehr \u00fcber unsere Philosophie, Vision und Gastfreundschaft.","breadcrumb":{"@id":"https:\/\/www.esplanadetergesteo.it\/de\/hotel-und-leistungen\/#breadcrumb"},"inLanguage":"de","potentialAction":[{"@type":"ReadAction","target":["https:\/\/www.esplanadetergesteo.it\/de\/hotel-und-leistungen\/"]}]},{"@type":"ImageObject","inLanguage":"de","@id":"https:\/\/www.esplanadetergesteo.it\/de\/hotel-und-leistungen\/#primaryimage","url":"https:\/\/www.esplanadetergesteo.it\/wp-content\/uploads\/2022\/02\/Banner_1.jpg","contentUrl":"https:\/\/www.esplanadetergesteo.it\/wp-content\/uploads\/2022\/02\/Banner_1.jpg","width":1440,"height":880,"caption":"hotel di lusso abano terme"},{"@type":"BreadcrumbList","@id":"https:\/\/www.esplanadetergesteo.it\/de\/hotel-und-leistungen\/#breadcrumb","itemListElement":[{"@type":"ListItem","position":1,"name":"Home","item":"https:\/\/www.esplanadetergesteo.it\/de\/"},{"@type":"ListItem","position":2,"name":"Hotel &#038; Facilities"}]},{"@type":"WebSite","@id":"https:\/\/www.esplanadetergesteo.it\/#website","url":"https:\/\/www.esplanadetergesteo.it\/","name":"Esplanade Tergesteo","description":"","potentialAction":[{"@type":"SearchAction","target":{"@type":"EntryPoint","urlTemplate":"https:\/\/www.esplanadetergesteo.it\/?s={search_term_string}"},"query-input":{"@type":"PropertyValueSpecification","valueRequired":true,"valueName":"search_term_string"}}],"inLanguage":"de"}]}},"_links":{"self":[{"href":"https:\/\/www.esplanadetergesteo.it\/de\/wp-json\/wp\/v2\/pages\/3227","targetHints":{"allow":["GET"]}}],"collection":[{"href":"https:\/\/www.esplanadetergesteo.it\/de\/wp-json\/wp\/v2\/pages"}],"about":[{"href":"https:\/\/www.esplanadetergesteo.it\/de\/wp-json\/wp\/v2\/types\/page"}],"author":[{"embeddable":true,"href":"https:\/\/www.esplanadetergesteo.it\/de\/wp-json\/wp\/v2\/users\/9"}],"replies":[{"embeddable":true,"href":"https:\/\/www.esplanadetergesteo.it\/de\/wp-json\/wp\/v2\/comments?post=3227"}],"version-history":[{"count":2,"href":"https:\/\/www.esplanadetergesteo.it\/de\/wp-json\/wp\/v2\/pages\/3227\/revisions"}],"predecessor-version":[{"id":4210,"href":"https:\/\/www.esplanadetergesteo.it\/de\/wp-json\/wp\/v2\/pages\/3227\/revisions\/4210"}],"wp:featuredmedia":[{"embeddable":true,"href":"https:\/\/www.esplanadetergesteo.it\/de\/wp-json\/wp\/v2\/media\/1029"}],"wp:attachment":[{"href":"https:\/\/www.esplanadetergesteo.it\/de\/wp-json\/wp\/v2\/media?parent=3227"}],"curies":[{"name":"wp","href":"https:\/\/api.w.org\/{rel}","templated":true}]}}