{"id":3264,"date":"2022-02-23T15:04:11","date_gmt":"2022-02-23T14:04:11","guid":{"rendered":"https:\/\/www.esplanadetergesteo.it\/hotel-und-leistungen\/zimmer-suiten\/105-vital-suite\/435-vital-junior-suite\/"},"modified":"2025-11-19T12:43:57","modified_gmt":"2025-11-19T11:43:57","slug":"435-vital-junior-suite","status":"publish","type":"page","link":"https:\/\/www.esplanadetergesteo.it\/de\/hotel-und-leistungen\/zimmer-suiten\/105-vital-suite\/435-vital-junior-suite\/","title":{"rendered":"Vital Junior Suite"},"content":{"rendered":"","protected":false},"excerpt":{"rendered":"<p>Die ideale Mischung aus gro\u00dfz\u00fcgigen R\u00e4umlichkeiten und erstklassigen Annehmlichkeiten f\u00fcr eine Auszeit im Zeichen der Erholung und des Komforts<\/p>\n","protected":false},"author":3,"featured_media":1228,"parent":3245,"menu_order":5,"comment_status":"closed","ping_status":"closed","template":"templates\/template-room-single.php","meta":{"_acf_changed":false,"_joinchat":[]},"class_list":["post-3264","page","type-page","status-publish","has-post-thumbnail","hentry"],"acf":[],"yoast_head":"<!-- This site is optimized with the Yoast SEO plugin v27.1.1 - https:\/\/yoast.com\/product\/yoast-seo-wordpress\/ -->\n<title>Vital Junior Suite | Hotel Esplanade Tergesteo<\/title>\n<meta name=\"description\" content=\"Unsere Junior Suiten sind besonders hell und einladend \u2022 nachhaltige Materialien \u2022 einzigartige Designelemente \u2022 \u00dcberzeugen Sie sich selbst!\" \/>\n<meta name=\"robots\" content=\"index, follow, max-snippet:-1, max-image-preview:large, max-video-preview:-1\" \/>\n<link rel=\"canonical\" href=\"https:\/\/www.esplanadetergesteo.it\/de\/hotel-und-leistungen\/zimmer-suiten\/105-vital-suite\/435-vital-junior-suite\/\" \/>\n<meta property=\"og:locale\" content=\"de_DE\" \/>\n<meta property=\"og:type\" content=\"article\" \/>\n<meta property=\"og:title\" content=\"Vital Junior Suite | Hotel Esplanade Tergesteo\" \/>\n<meta property=\"og:description\" content=\"Unsere Junior Suiten sind besonders hell und einladend \u2022 nachhaltige Materialien \u2022 einzigartige Designelemente \u2022 \u00dcberzeugen Sie sich selbst!\" \/>\n<meta property=\"og:url\" content=\"https:\/\/www.esplanadetergesteo.it\/de\/hotel-und-leistungen\/zimmer-suiten\/105-vital-suite\/435-vital-junior-suite\/\" \/>\n<meta property=\"og:site_name\" content=\"Esplanade Tergesteo\" \/>\n<meta property=\"article:modified_time\" content=\"2025-11-19T11:43:57+00:00\" \/>\n<meta property=\"og:image\" content=\"https:\/\/www.esplanadetergesteo.it\/wp-content\/uploads\/2022\/02\/Vital_Junior_Suite_Gallery_1.jpg\" \/>\n\t<meta property=\"og:image:width\" content=\"1440\" \/>\n\t<meta property=\"og:image:height\" content=\"880\" \/>\n\t<meta property=\"og:image:type\" content=\"image\/jpeg\" \/>\n<meta name=\"twitter:card\" content=\"summary_large_image\" \/>\n<meta name=\"twitter:label1\" content=\"Gesch\u00e4tzte Lesezeit\" \/>\n\t<meta name=\"twitter:data1\" content=\"1\u00a0Minute\" \/>\n<script type=\"application\/ld+json\" class=\"yoast-schema-graph\">{\"@context\":\"https:\/\/schema.org\",\"@graph\":[{\"@type\":\"WebPage\",\"@id\":\"https:\/\/www.esplanadetergesteo.it\/de\/hotel-und-leistungen\/zimmer-suiten\/105-vital-suite\/435-vital-junior-suite\/\",\"url\":\"https:\/\/www.esplanadetergesteo.it\/de\/hotel-und-leistungen\/zimmer-suiten\/105-vital-suite\/435-vital-junior-suite\/\",\"name\":\"Vital Junior Suite | Hotel Esplanade Tergesteo\",\"isPartOf\":{\"@id\":\"https:\/\/www.esplanadetergesteo.it\/#website\"},\"primaryImageOfPage\":{\"@id\":\"https:\/\/www.esplanadetergesteo.it\/de\/hotel-und-leistungen\/zimmer-suiten\/105-vital-suite\/435-vital-junior-suite\/#primaryimage\"},\"image\":{\"@id\":\"https:\/\/www.esplanadetergesteo.it\/de\/hotel-und-leistungen\/zimmer-suiten\/105-vital-suite\/435-vital-junior-suite\/#primaryimage\"},\"thumbnailUrl\":\"https:\/\/www.esplanadetergesteo.it\/wp-content\/uploads\/2022\/02\/Vital_Junior_Suite_Gallery_1.jpg\",\"datePublished\":\"2022-02-23T14:04:11+00:00\",\"dateModified\":\"2025-11-19T11:43:57+00:00\",\"description\":\"Unsere Junior Suiten sind besonders hell und einladend \u2022 nachhaltige Materialien \u2022 einzigartige Designelemente \u2022 \u00dcberzeugen Sie sich selbst!\",\"breadcrumb\":{\"@id\":\"https:\/\/www.esplanadetergesteo.it\/de\/hotel-und-leistungen\/zimmer-suiten\/105-vital-suite\/435-vital-junior-suite\/#breadcrumb\"},\"inLanguage\":\"de\",\"potentialAction\":[{\"@type\":\"ReadAction\",\"target\":[\"https:\/\/www.esplanadetergesteo.it\/de\/hotel-und-leistungen\/zimmer-suiten\/105-vital-suite\/435-vital-junior-suite\/\"]}]},{\"@type\":\"ImageObject\",\"inLanguage\":\"de\",\"@id\":\"https:\/\/www.esplanadetergesteo.it\/de\/hotel-und-leistungen\/zimmer-suiten\/105-vital-suite\/435-vital-junior-suite\/#primaryimage\",\"url\":\"https:\/\/www.esplanadetergesteo.it\/wp-content\/uploads\/2022\/02\/Vital_Junior_Suite_Gallery_1.jpg\",\"contentUrl\":\"https:\/\/www.esplanadetergesteo.it\/wp-content\/uploads\/2022\/02\/Vital_Junior_Suite_Gallery_1.jpg\",\"width\":1440,\"height\":880,\"caption\":\"day spa di coppia\"},{\"@type\":\"BreadcrumbList\",\"@id\":\"https:\/\/www.esplanadetergesteo.it\/de\/hotel-und-leistungen\/zimmer-suiten\/105-vital-suite\/435-vital-junior-suite\/#breadcrumb\",\"itemListElement\":[{\"@type\":\"ListItem\",\"position\":1,\"name\":\"Home\",\"item\":\"https:\/\/www.esplanadetergesteo.it\/de\/\"},{\"@type\":\"ListItem\",\"position\":2,\"name\":\"Hotel &#038; Facilities\",\"item\":\"https:\/\/www.esplanadetergesteo.it\/de\/hotel-und-leistungen\/\"},{\"@type\":\"ListItem\",\"position\":3,\"name\":\"Room &#038; Suite\",\"item\":\"https:\/\/www.esplanadetergesteo.it\/de\/hotel-und-leistungen\/zimmer-suiten\/\"},{\"@type\":\"ListItem\",\"position\":4,\"name\":\"Vital Room &#038; Suite\",\"item\":\"https:\/\/www.esplanadetergesteo.it\/de\/hotel-und-leistungen\/zimmer-suiten\/105-vital-suite\/\"},{\"@type\":\"ListItem\",\"position\":5,\"name\":\"Vital Junior Suite\"}]},{\"@type\":\"WebSite\",\"@id\":\"https:\/\/www.esplanadetergesteo.it\/#website\",\"url\":\"https:\/\/www.esplanadetergesteo.it\/\",\"name\":\"Esplanade Tergesteo\",\"description\":\"\",\"potentialAction\":[{\"@type\":\"SearchAction\",\"target\":{\"@type\":\"EntryPoint\",\"urlTemplate\":\"https:\/\/www.esplanadetergesteo.it\/?s={search_term_string}\"},\"query-input\":{\"@type\":\"PropertyValueSpecification\",\"valueRequired\":true,\"valueName\":\"search_term_string\"}}],\"inLanguage\":\"de\"}]}<\/script>\n<!-- \/ Yoast SEO plugin. -->","yoast_head_json":{"title":"Vital Junior Suite | Hotel Esplanade Tergesteo","description":"Unsere Junior Suiten sind besonders hell und einladend \u2022 nachhaltige Materialien \u2022 einzigartige Designelemente \u2022 \u00dcberzeugen Sie sich selbst!","robots":{"index":"index","follow":"follow","max-snippet":"max-snippet:-1","max-image-preview":"max-image-preview:large","max-video-preview":"max-video-preview:-1"},"canonical":"https:\/\/www.esplanadetergesteo.it\/de\/hotel-und-leistungen\/zimmer-suiten\/105-vital-suite\/435-vital-junior-suite\/","og_locale":"de_DE","og_type":"article","og_title":"Vital Junior Suite | Hotel Esplanade Tergesteo","og_description":"Unsere Junior Suiten sind besonders hell und einladend \u2022 nachhaltige Materialien \u2022 einzigartige Designelemente \u2022 \u00dcberzeugen Sie sich selbst!","og_url":"https:\/\/www.esplanadetergesteo.it\/de\/hotel-und-leistungen\/zimmer-suiten\/105-vital-suite\/435-vital-junior-suite\/","og_site_name":"Esplanade Tergesteo","article_modified_time":"2025-11-19T11:43:57+00:00","og_image":[{"width":1440,"height":880,"url":"https:\/\/www.esplanadetergesteo.it\/wp-content\/uploads\/2022\/02\/Vital_Junior_Suite_Gallery_1.jpg","type":"image\/jpeg"}],"twitter_card":"summary_large_image","twitter_misc":{"Gesch\u00e4tzte Lesezeit":"1\u00a0Minute"},"schema":{"@context":"https:\/\/schema.org","@graph":[{"@type":"WebPage","@id":"https:\/\/www.esplanadetergesteo.it\/de\/hotel-und-leistungen\/zimmer-suiten\/105-vital-suite\/435-vital-junior-suite\/","url":"https:\/\/www.esplanadetergesteo.it\/de\/hotel-und-leistungen\/zimmer-suiten\/105-vital-suite\/435-vital-junior-suite\/","name":"Vital Junior Suite | Hotel Esplanade Tergesteo","isPartOf":{"@id":"https:\/\/www.esplanadetergesteo.it\/#website"},"primaryImageOfPage":{"@id":"https:\/\/www.esplanadetergesteo.it\/de\/hotel-und-leistungen\/zimmer-suiten\/105-vital-suite\/435-vital-junior-suite\/#primaryimage"},"image":{"@id":"https:\/\/www.esplanadetergesteo.it\/de\/hotel-und-leistungen\/zimmer-suiten\/105-vital-suite\/435-vital-junior-suite\/#primaryimage"},"thumbnailUrl":"https:\/\/www.esplanadetergesteo.it\/wp-content\/uploads\/2022\/02\/Vital_Junior_Suite_Gallery_1.jpg","datePublished":"2022-02-23T14:04:11+00:00","dateModified":"2025-11-19T11:43:57+00:00","description":"Unsere Junior Suiten sind besonders hell und einladend \u2022 nachhaltige Materialien \u2022 einzigartige Designelemente \u2022 \u00dcberzeugen Sie sich selbst!","breadcrumb":{"@id":"https:\/\/www.esplanadetergesteo.it\/de\/hotel-und-leistungen\/zimmer-suiten\/105-vital-suite\/435-vital-junior-suite\/#breadcrumb"},"inLanguage":"de","potentialAction":[{"@type":"ReadAction","target":["https:\/\/www.esplanadetergesteo.it\/de\/hotel-und-leistungen\/zimmer-suiten\/105-vital-suite\/435-vital-junior-suite\/"]}]},{"@type":"ImageObject","inLanguage":"de","@id":"https:\/\/www.esplanadetergesteo.it\/de\/hotel-und-leistungen\/zimmer-suiten\/105-vital-suite\/435-vital-junior-suite\/#primaryimage","url":"https:\/\/www.esplanadetergesteo.it\/wp-content\/uploads\/2022\/02\/Vital_Junior_Suite_Gallery_1.jpg","contentUrl":"https:\/\/www.esplanadetergesteo.it\/wp-content\/uploads\/2022\/02\/Vital_Junior_Suite_Gallery_1.jpg","width":1440,"height":880,"caption":"day spa di coppia"},{"@type":"BreadcrumbList","@id":"https:\/\/www.esplanadetergesteo.it\/de\/hotel-und-leistungen\/zimmer-suiten\/105-vital-suite\/435-vital-junior-suite\/#breadcrumb","itemListElement":[{"@type":"ListItem","position":1,"name":"Home","item":"https:\/\/www.esplanadetergesteo.it\/de\/"},{"@type":"ListItem","position":2,"name":"Hotel &#038; Facilities","item":"https:\/\/www.esplanadetergesteo.it\/de\/hotel-und-leistungen\/"},{"@type":"ListItem","position":3,"name":"Room &#038; Suite","item":"https:\/\/www.esplanadetergesteo.it\/de\/hotel-und-leistungen\/zimmer-suiten\/"},{"@type":"ListItem","position":4,"name":"Vital Room &#038; Suite","item":"https:\/\/www.esplanadetergesteo.it\/de\/hotel-und-leistungen\/zimmer-suiten\/105-vital-suite\/"},{"@type":"ListItem","position":5,"name":"Vital Junior Suite"}]},{"@type":"WebSite","@id":"https:\/\/www.esplanadetergesteo.it\/#website","url":"https:\/\/www.esplanadetergesteo.it\/","name":"Esplanade Tergesteo","description":"","potentialAction":[{"@type":"SearchAction","target":{"@type":"EntryPoint","urlTemplate":"https:\/\/www.esplanadetergesteo.it\/?s={search_term_string}"},"query-input":{"@type":"PropertyValueSpecification","valueRequired":true,"valueName":"search_term_string"}}],"inLanguage":"de"}]}},"_links":{"self":[{"href":"https:\/\/www.esplanadetergesteo.it\/de\/wp-json\/wp\/v2\/pages\/3264","targetHints":{"allow":["GET"]}}],"collection":[{"href":"https:\/\/www.esplanadetergesteo.it\/de\/wp-json\/wp\/v2\/pages"}],"about":[{"href":"https:\/\/www.esplanadetergesteo.it\/de\/wp-json\/wp\/v2\/types\/page"}],"author":[{"embeddable":true,"href":"https:\/\/www.esplanadetergesteo.it\/de\/wp-json\/wp\/v2\/users\/3"}],"replies":[{"embeddable":true,"href":"https:\/\/www.esplanadetergesteo.it\/de\/wp-json\/wp\/v2\/comments?post=3264"}],"version-history":[{"count":1,"href":"https:\/\/www.esplanadetergesteo.it\/de\/wp-json\/wp\/v2\/pages\/3264\/revisions"}],"predecessor-version":[{"id":15428,"href":"https:\/\/www.esplanadetergesteo.it\/de\/wp-json\/wp\/v2\/pages\/3264\/revisions\/15428"}],"up":[{"embeddable":true,"href":"https:\/\/www.esplanadetergesteo.it\/de\/wp-json\/wp\/v2\/pages\/3245"}],"wp:featuredmedia":[{"embeddable":true,"href":"https:\/\/www.esplanadetergesteo.it\/de\/wp-json\/wp\/v2\/media\/1228"}],"wp:attachment":[{"href":"https:\/\/www.esplanadetergesteo.it\/de\/wp-json\/wp\/v2\/media?parent=3264"}],"curies":[{"name":"wp","href":"https:\/\/api.w.org\/{rel}","templated":true}]}}