{"id":3267,"date":"2022-02-01T15:37:29","date_gmt":"2022-02-01T14:37:29","guid":{"rendered":"https:\/\/www.esplanadetergesteo.it\/hotel-und-leistungen\/zimmer-suiten\/camere-deluxe\/"},"modified":"2025-09-03T10:01:07","modified_gmt":"2025-09-03T08:01:07","slug":"suite-deluxe-basic","status":"publish","type":"page","link":"https:\/\/www.esplanadetergesteo.it\/de\/hotel-und-leistungen\/zimmer-suiten\/suite-deluxe-basic\/","title":{"rendered":"Suite, Deluxe &#038; Basic"},"content":{"rendered":"","protected":false},"excerpt":{"rendered":"<p>Die modernen und behaglichen Deluxe Zimmer und Suiten sind unsere Basic Rooms. <br \/>Zarte Farbt\u00f6ne wie Beige und Flieder, aber auch ein kr\u00e4ftiges Blau und Rot treffen hier auf klare Linien. <br \/>Die Gr\u00f6\u00dfe variiert je nach Typologie, doch in allen R\u00e4umlichkeiten schaffen schlichte Details ein angenehmes Wohnambiente.<\/p>\n","protected":false},"author":9,"featured_media":1297,"parent":3243,"menu_order":1,"comment_status":"closed","ping_status":"closed","template":"templates\/template-room-category.php","meta":{"_acf_changed":false,"_joinchat":[]},"class_list":["post-3267","page","type-page","status-publish","has-post-thumbnail","hentry"],"acf":[],"yoast_head":"<!-- This site is optimized with the Yoast SEO plugin v27.1.1 - https:\/\/yoast.com\/product\/yoast-seo-wordpress\/ -->\n<title>Deluxe Room &amp; Suite | Hotel Esplanade Tergesteo<\/title>\n<meta name=\"description\" content=\"Unsere Deluxe Zimmer und Suiten in Montegrotto \u2022 Freuen Sie sich auf eine Relaxauszeit in einem schlichten Ambiente!\" \/>\n<meta name=\"robots\" content=\"index, follow, max-snippet:-1, max-image-preview:large, max-video-preview:-1\" \/>\n<link rel=\"canonical\" href=\"https:\/\/www.esplanadetergesteo.it\/de\/hotel-und-leistungen\/zimmer-suiten\/suite-deluxe-basic\/\" \/>\n<meta property=\"og:locale\" content=\"de_DE\" \/>\n<meta property=\"og:type\" content=\"article\" \/>\n<meta property=\"og:title\" content=\"Deluxe Room &amp; Suite | Hotel Esplanade Tergesteo\" \/>\n<meta property=\"og:description\" content=\"Unsere Deluxe Zimmer und Suiten in Montegrotto \u2022 Freuen Sie sich auf eine Relaxauszeit in einem schlichten Ambiente!\" \/>\n<meta property=\"og:url\" content=\"https:\/\/www.esplanadetergesteo.it\/de\/hotel-und-leistungen\/zimmer-suiten\/suite-deluxe-basic\/\" \/>\n<meta property=\"og:site_name\" content=\"Esplanade Tergesteo\" \/>\n<meta property=\"article:modified_time\" content=\"2025-09-03T08:01:07+00:00\" \/>\n<meta property=\"og:image\" content=\"https:\/\/www.esplanadetergesteo.it\/wp-content\/uploads\/2022\/02\/Deluxe_Banner_1.jpg\" \/>\n\t<meta property=\"og:image:width\" content=\"1440\" \/>\n\t<meta property=\"og:image:height\" content=\"880\" \/>\n\t<meta property=\"og:image:type\" content=\"image\/jpeg\" \/>\n<meta name=\"twitter:card\" content=\"summary_large_image\" \/>\n<meta name=\"twitter:label1\" content=\"Gesch\u00e4tzte Lesezeit\" \/>\n\t<meta name=\"twitter:data1\" content=\"1\u00a0Minute\" \/>\n<script type=\"application\/ld+json\" class=\"yoast-schema-graph\">{\"@context\":\"https:\/\/schema.org\",\"@graph\":[{\"@type\":\"WebPage\",\"@id\":\"https:\/\/www.esplanadetergesteo.it\/de\/hotel-und-leistungen\/zimmer-suiten\/suite-deluxe-basic\/\",\"url\":\"https:\/\/www.esplanadetergesteo.it\/de\/hotel-und-leistungen\/zimmer-suiten\/suite-deluxe-basic\/\",\"name\":\"Deluxe Room & Suite | Hotel Esplanade Tergesteo\",\"isPartOf\":{\"@id\":\"https:\/\/www.esplanadetergesteo.it\/#website\"},\"primaryImageOfPage\":{\"@id\":\"https:\/\/www.esplanadetergesteo.it\/de\/hotel-und-leistungen\/zimmer-suiten\/suite-deluxe-basic\/#primaryimage\"},\"image\":{\"@id\":\"https:\/\/www.esplanadetergesteo.it\/de\/hotel-und-leistungen\/zimmer-suiten\/suite-deluxe-basic\/#primaryimage\"},\"thumbnailUrl\":\"https:\/\/www.esplanadetergesteo.it\/wp-content\/uploads\/2022\/02\/Deluxe_Banner_1.jpg\",\"datePublished\":\"2022-02-01T14:37:29+00:00\",\"dateModified\":\"2025-09-03T08:01:07+00:00\",\"description\":\"Unsere Deluxe Zimmer und Suiten in Montegrotto \u2022 Freuen Sie sich auf eine Relaxauszeit in einem schlichten Ambiente!\",\"breadcrumb\":{\"@id\":\"https:\/\/www.esplanadetergesteo.it\/de\/hotel-und-leistungen\/zimmer-suiten\/suite-deluxe-basic\/#breadcrumb\"},\"inLanguage\":\"de\",\"potentialAction\":[{\"@type\":\"ReadAction\",\"target\":[\"https:\/\/www.esplanadetergesteo.it\/de\/hotel-und-leistungen\/zimmer-suiten\/suite-deluxe-basic\/\"]}]},{\"@type\":\"ImageObject\",\"inLanguage\":\"de\",\"@id\":\"https:\/\/www.esplanadetergesteo.it\/de\/hotel-und-leistungen\/zimmer-suiten\/suite-deluxe-basic\/#primaryimage\",\"url\":\"https:\/\/www.esplanadetergesteo.it\/wp-content\/uploads\/2022\/02\/Deluxe_Banner_1.jpg\",\"contentUrl\":\"https:\/\/www.esplanadetergesteo.it\/wp-content\/uploads\/2022\/02\/Deluxe_Banner_1.jpg\",\"width\":1440,\"height\":880,\"caption\":\"camera con spa privata veneto\"},{\"@type\":\"BreadcrumbList\",\"@id\":\"https:\/\/www.esplanadetergesteo.it\/de\/hotel-und-leistungen\/zimmer-suiten\/suite-deluxe-basic\/#breadcrumb\",\"itemListElement\":[{\"@type\":\"ListItem\",\"position\":1,\"name\":\"Home\",\"item\":\"https:\/\/www.esplanadetergesteo.it\/de\/\"},{\"@type\":\"ListItem\",\"position\":2,\"name\":\"Hotel &#038; Facilities\",\"item\":\"https:\/\/www.esplanadetergesteo.it\/de\/hotel-und-leistungen\/\"},{\"@type\":\"ListItem\",\"position\":3,\"name\":\"Room &#038; Suite\",\"item\":\"https:\/\/www.esplanadetergesteo.it\/de\/hotel-und-leistungen\/zimmer-suiten\/\"},{\"@type\":\"ListItem\",\"position\":4,\"name\":\"Suite, Deluxe &#038; Basic\"}]},{\"@type\":\"WebSite\",\"@id\":\"https:\/\/www.esplanadetergesteo.it\/#website\",\"url\":\"https:\/\/www.esplanadetergesteo.it\/\",\"name\":\"Esplanade Tergesteo\",\"description\":\"\",\"potentialAction\":[{\"@type\":\"SearchAction\",\"target\":{\"@type\":\"EntryPoint\",\"urlTemplate\":\"https:\/\/www.esplanadetergesteo.it\/?s={search_term_string}\"},\"query-input\":{\"@type\":\"PropertyValueSpecification\",\"valueRequired\":true,\"valueName\":\"search_term_string\"}}],\"inLanguage\":\"de\"}]}<\/script>\n<!-- \/ Yoast SEO plugin. -->","yoast_head_json":{"title":"Deluxe Room & Suite | Hotel Esplanade Tergesteo","description":"Unsere Deluxe Zimmer und Suiten in Montegrotto \u2022 Freuen Sie sich auf eine Relaxauszeit in einem schlichten Ambiente!","robots":{"index":"index","follow":"follow","max-snippet":"max-snippet:-1","max-image-preview":"max-image-preview:large","max-video-preview":"max-video-preview:-1"},"canonical":"https:\/\/www.esplanadetergesteo.it\/de\/hotel-und-leistungen\/zimmer-suiten\/suite-deluxe-basic\/","og_locale":"de_DE","og_type":"article","og_title":"Deluxe Room & Suite | Hotel Esplanade Tergesteo","og_description":"Unsere Deluxe Zimmer und Suiten in Montegrotto \u2022 Freuen Sie sich auf eine Relaxauszeit in einem schlichten Ambiente!","og_url":"https:\/\/www.esplanadetergesteo.it\/de\/hotel-und-leistungen\/zimmer-suiten\/suite-deluxe-basic\/","og_site_name":"Esplanade Tergesteo","article_modified_time":"2025-09-03T08:01:07+00:00","og_image":[{"width":1440,"height":880,"url":"https:\/\/www.esplanadetergesteo.it\/wp-content\/uploads\/2022\/02\/Deluxe_Banner_1.jpg","type":"image\/jpeg"}],"twitter_card":"summary_large_image","twitter_misc":{"Gesch\u00e4tzte Lesezeit":"1\u00a0Minute"},"schema":{"@context":"https:\/\/schema.org","@graph":[{"@type":"WebPage","@id":"https:\/\/www.esplanadetergesteo.it\/de\/hotel-und-leistungen\/zimmer-suiten\/suite-deluxe-basic\/","url":"https:\/\/www.esplanadetergesteo.it\/de\/hotel-und-leistungen\/zimmer-suiten\/suite-deluxe-basic\/","name":"Deluxe Room & Suite | Hotel Esplanade Tergesteo","isPartOf":{"@id":"https:\/\/www.esplanadetergesteo.it\/#website"},"primaryImageOfPage":{"@id":"https:\/\/www.esplanadetergesteo.it\/de\/hotel-und-leistungen\/zimmer-suiten\/suite-deluxe-basic\/#primaryimage"},"image":{"@id":"https:\/\/www.esplanadetergesteo.it\/de\/hotel-und-leistungen\/zimmer-suiten\/suite-deluxe-basic\/#primaryimage"},"thumbnailUrl":"https:\/\/www.esplanadetergesteo.it\/wp-content\/uploads\/2022\/02\/Deluxe_Banner_1.jpg","datePublished":"2022-02-01T14:37:29+00:00","dateModified":"2025-09-03T08:01:07+00:00","description":"Unsere Deluxe Zimmer und Suiten in Montegrotto \u2022 Freuen Sie sich auf eine Relaxauszeit in einem schlichten Ambiente!","breadcrumb":{"@id":"https:\/\/www.esplanadetergesteo.it\/de\/hotel-und-leistungen\/zimmer-suiten\/suite-deluxe-basic\/#breadcrumb"},"inLanguage":"de","potentialAction":[{"@type":"ReadAction","target":["https:\/\/www.esplanadetergesteo.it\/de\/hotel-und-leistungen\/zimmer-suiten\/suite-deluxe-basic\/"]}]},{"@type":"ImageObject","inLanguage":"de","@id":"https:\/\/www.esplanadetergesteo.it\/de\/hotel-und-leistungen\/zimmer-suiten\/suite-deluxe-basic\/#primaryimage","url":"https:\/\/www.esplanadetergesteo.it\/wp-content\/uploads\/2022\/02\/Deluxe_Banner_1.jpg","contentUrl":"https:\/\/www.esplanadetergesteo.it\/wp-content\/uploads\/2022\/02\/Deluxe_Banner_1.jpg","width":1440,"height":880,"caption":"camera con spa privata veneto"},{"@type":"BreadcrumbList","@id":"https:\/\/www.esplanadetergesteo.it\/de\/hotel-und-leistungen\/zimmer-suiten\/suite-deluxe-basic\/#breadcrumb","itemListElement":[{"@type":"ListItem","position":1,"name":"Home","item":"https:\/\/www.esplanadetergesteo.it\/de\/"},{"@type":"ListItem","position":2,"name":"Hotel &#038; Facilities","item":"https:\/\/www.esplanadetergesteo.it\/de\/hotel-und-leistungen\/"},{"@type":"ListItem","position":3,"name":"Room &#038; Suite","item":"https:\/\/www.esplanadetergesteo.it\/de\/hotel-und-leistungen\/zimmer-suiten\/"},{"@type":"ListItem","position":4,"name":"Suite, Deluxe &#038; Basic"}]},{"@type":"WebSite","@id":"https:\/\/www.esplanadetergesteo.it\/#website","url":"https:\/\/www.esplanadetergesteo.it\/","name":"Esplanade Tergesteo","description":"","potentialAction":[{"@type":"SearchAction","target":{"@type":"EntryPoint","urlTemplate":"https:\/\/www.esplanadetergesteo.it\/?s={search_term_string}"},"query-input":{"@type":"PropertyValueSpecification","valueRequired":true,"valueName":"search_term_string"}}],"inLanguage":"de"}]}},"_links":{"self":[{"href":"https:\/\/www.esplanadetergesteo.it\/de\/wp-json\/wp\/v2\/pages\/3267","targetHints":{"allow":["GET"]}}],"collection":[{"href":"https:\/\/www.esplanadetergesteo.it\/de\/wp-json\/wp\/v2\/pages"}],"about":[{"href":"https:\/\/www.esplanadetergesteo.it\/de\/wp-json\/wp\/v2\/types\/page"}],"author":[{"embeddable":true,"href":"https:\/\/www.esplanadetergesteo.it\/de\/wp-json\/wp\/v2\/users\/9"}],"replies":[{"embeddable":true,"href":"https:\/\/www.esplanadetergesteo.it\/de\/wp-json\/wp\/v2\/comments?post=3267"}],"version-history":[{"count":1,"href":"https:\/\/www.esplanadetergesteo.it\/de\/wp-json\/wp\/v2\/pages\/3267\/revisions"}],"predecessor-version":[{"id":14788,"href":"https:\/\/www.esplanadetergesteo.it\/de\/wp-json\/wp\/v2\/pages\/3267\/revisions\/14788"}],"up":[{"embeddable":true,"href":"https:\/\/www.esplanadetergesteo.it\/de\/wp-json\/wp\/v2\/pages\/3243"}],"wp:featuredmedia":[{"embeddable":true,"href":"https:\/\/www.esplanadetergesteo.it\/de\/wp-json\/wp\/v2\/media\/1297"}],"wp:attachment":[{"href":"https:\/\/www.esplanadetergesteo.it\/de\/wp-json\/wp\/v2\/media?parent=3267"}],"curies":[{"name":"wp","href":"https:\/\/api.w.org\/{rel}","templated":true}]}}