{"id":3284,"date":"2022-01-10T11:26:29","date_gmt":"2022-01-10T10:26:29","guid":{"rendered":"https:\/\/www.esplanadetergesteo.it\/chi-siamo\/"},"modified":"2022-12-01T12:07:42","modified_gmt":"2022-12-01T11:07:42","slug":"wer-wir-sind","status":"publish","type":"page","link":"https:\/\/www.esplanadetergesteo.it\/de\/hotel-und-leistungen\/wer-wir-sind\/","title":{"rendered":"Wer wir sind"},"content":{"rendered":"<p><strong>Dezenter Luxus par excellence.<\/strong><\/p>\n<p>So lautet die Philosophie unseres 5-Sterne-Hotels in Montegrotto Terme.<\/p>\n<p>Hier haben wir f\u00fcr Sie eine elegante Ruheoase geschaffen, in der wir Ihnen mit viel Liebe zum Detail eine wunschlos gl\u00fcckliche Auszeit bereiten.<\/p>\n<p>Das Esplanade Tergesteo ist der neue place to be f\u00fcr einen stilvollen Urlaub in den Thermen.<\/p>\n","protected":false},"excerpt":{"rendered":"<p>Dezenter Luxus par excellence. So lautet die Philosophie unseres 5-Sterne-Hotels in Montegrotto Terme. Hier haben wir f\u00fcr Sie eine elegante Ruheoase geschaffen, in der wir Ihnen mit viel Liebe zum Detail eine wunschlos gl\u00fcckliche Auszeit bereiten. Das Esplanade Tergesteo ist der neue place to be f\u00fcr einen stilvollen Urlaub in den Thermen.<\/p>\n","protected":false},"author":9,"featured_media":1488,"parent":3227,"menu_order":20,"comment_status":"closed","ping_status":"closed","template":"templates\/template-about.php","meta":{"_acf_changed":false,"_joinchat":[]},"class_list":["post-3284","page","type-page","status-publish","has-post-thumbnail","hentry"],"acf":[],"yoast_head":"<!-- This site is optimized with the Yoast SEO plugin v27.1.1 - https:\/\/yoast.com\/product\/yoast-seo-wordpress\/ -->\n<title>\u00dcber uns|5-Sterne-Hotel Esplanade Tergesteo<\/title>\n<meta name=\"description\" content=\"Das Thermenhotel f\u00fcr eine erstklassige Auszeit in stilvollem Ambiente. Erfahren Sie hier mehr \u00fcber unsere Philosophie, Vision und Gastfreundschaft.\" \/>\n<meta name=\"robots\" content=\"index, follow, max-snippet:-1, max-image-preview:large, max-video-preview:-1\" \/>\n<link rel=\"canonical\" href=\"https:\/\/www.esplanadetergesteo.it\/de\/hotel-und-leistungen\/wer-wir-sind\/\" \/>\n<meta property=\"og:locale\" content=\"de_DE\" \/>\n<meta property=\"og:type\" content=\"article\" \/>\n<meta property=\"og:title\" content=\"\u00dcber uns|5-Sterne-Hotel Esplanade Tergesteo\" \/>\n<meta property=\"og:description\" content=\"Das Thermenhotel f\u00fcr eine erstklassige Auszeit in stilvollem Ambiente. Erfahren Sie hier mehr \u00fcber unsere Philosophie, Vision und Gastfreundschaft.\" \/>\n<meta property=\"og:url\" content=\"https:\/\/www.esplanadetergesteo.it\/de\/hotel-und-leistungen\/wer-wir-sind\/\" \/>\n<meta property=\"og:site_name\" content=\"Esplanade Tergesteo\" \/>\n<meta property=\"article:modified_time\" content=\"2022-12-01T11:07:42+00:00\" \/>\n<meta property=\"og:image\" content=\"https:\/\/www.esplanadetergesteo.it\/wp-content\/uploads\/2022\/02\/Banner_1-1.jpg\" \/>\n\t<meta property=\"og:image:width\" content=\"1440\" \/>\n\t<meta property=\"og:image:height\" content=\"880\" \/>\n\t<meta property=\"og:image:type\" content=\"image\/jpeg\" \/>\n<meta name=\"twitter:card\" content=\"summary_large_image\" \/>\n<meta name=\"twitter:label1\" content=\"Gesch\u00e4tzte Lesezeit\" \/>\n\t<meta name=\"twitter:data1\" content=\"1\u00a0Minute\" \/>\n<script type=\"application\/ld+json\" class=\"yoast-schema-graph\">{\"@context\":\"https:\/\/schema.org\",\"@graph\":[{\"@type\":\"WebPage\",\"@id\":\"https:\/\/www.esplanadetergesteo.it\/de\/hotel-und-leistungen\/wer-wir-sind\/\",\"url\":\"https:\/\/www.esplanadetergesteo.it\/de\/hotel-und-leistungen\/wer-wir-sind\/\",\"name\":\"\u00dcber uns|5-Sterne-Hotel Esplanade Tergesteo\",\"isPartOf\":{\"@id\":\"https:\/\/www.esplanadetergesteo.it\/#website\"},\"primaryImageOfPage\":{\"@id\":\"https:\/\/www.esplanadetergesteo.it\/de\/hotel-und-leistungen\/wer-wir-sind\/#primaryimage\"},\"image\":{\"@id\":\"https:\/\/www.esplanadetergesteo.it\/de\/hotel-und-leistungen\/wer-wir-sind\/#primaryimage\"},\"thumbnailUrl\":\"https:\/\/www.esplanadetergesteo.it\/wp-content\/uploads\/2022\/02\/Banner_1-1.jpg\",\"datePublished\":\"2022-01-10T10:26:29+00:00\",\"dateModified\":\"2022-12-01T11:07:42+00:00\",\"description\":\"Das Thermenhotel f\u00fcr eine erstklassige Auszeit in stilvollem Ambiente. Erfahren Sie hier mehr \u00fcber unsere Philosophie, Vision und Gastfreundschaft.\",\"breadcrumb\":{\"@id\":\"https:\/\/www.esplanadetergesteo.it\/de\/hotel-und-leistungen\/wer-wir-sind\/#breadcrumb\"},\"inLanguage\":\"de\",\"potentialAction\":[{\"@type\":\"ReadAction\",\"target\":[\"https:\/\/www.esplanadetergesteo.it\/de\/hotel-und-leistungen\/wer-wir-sind\/\"]}]},{\"@type\":\"ImageObject\",\"inLanguage\":\"de\",\"@id\":\"https:\/\/www.esplanadetergesteo.it\/de\/hotel-und-leistungen\/wer-wir-sind\/#primaryimage\",\"url\":\"https:\/\/www.esplanadetergesteo.it\/wp-content\/uploads\/2022\/02\/Banner_1-1.jpg\",\"contentUrl\":\"https:\/\/www.esplanadetergesteo.it\/wp-content\/uploads\/2022\/02\/Banner_1-1.jpg\",\"width\":1440,\"height\":880,\"caption\":\"Esplanade tergesteo - luxury retreat\"},{\"@type\":\"BreadcrumbList\",\"@id\":\"https:\/\/www.esplanadetergesteo.it\/de\/hotel-und-leistungen\/wer-wir-sind\/#breadcrumb\",\"itemListElement\":[{\"@type\":\"ListItem\",\"position\":1,\"name\":\"Home\",\"item\":\"https:\/\/www.esplanadetergesteo.it\/de\/\"},{\"@type\":\"ListItem\",\"position\":2,\"name\":\"Hotel &#038; Facilities\",\"item\":\"https:\/\/www.esplanadetergesteo.it\/de\/hotel-und-leistungen\/\"},{\"@type\":\"ListItem\",\"position\":3,\"name\":\"Wer wir sind\"}]},{\"@type\":\"WebSite\",\"@id\":\"https:\/\/www.esplanadetergesteo.it\/#website\",\"url\":\"https:\/\/www.esplanadetergesteo.it\/\",\"name\":\"Esplanade Tergesteo\",\"description\":\"\",\"potentialAction\":[{\"@type\":\"SearchAction\",\"target\":{\"@type\":\"EntryPoint\",\"urlTemplate\":\"https:\/\/www.esplanadetergesteo.it\/?s={search_term_string}\"},\"query-input\":{\"@type\":\"PropertyValueSpecification\",\"valueRequired\":true,\"valueName\":\"search_term_string\"}}],\"inLanguage\":\"de\"}]}<\/script>\n<!-- \/ Yoast SEO plugin. -->","yoast_head_json":{"title":"\u00dcber uns|5-Sterne-Hotel Esplanade Tergesteo","description":"Das Thermenhotel f\u00fcr eine erstklassige Auszeit in stilvollem Ambiente. Erfahren Sie hier mehr \u00fcber unsere Philosophie, Vision und Gastfreundschaft.","robots":{"index":"index","follow":"follow","max-snippet":"max-snippet:-1","max-image-preview":"max-image-preview:large","max-video-preview":"max-video-preview:-1"},"canonical":"https:\/\/www.esplanadetergesteo.it\/de\/hotel-und-leistungen\/wer-wir-sind\/","og_locale":"de_DE","og_type":"article","og_title":"\u00dcber uns|5-Sterne-Hotel Esplanade Tergesteo","og_description":"Das Thermenhotel f\u00fcr eine erstklassige Auszeit in stilvollem Ambiente. Erfahren Sie hier mehr \u00fcber unsere Philosophie, Vision und Gastfreundschaft.","og_url":"https:\/\/www.esplanadetergesteo.it\/de\/hotel-und-leistungen\/wer-wir-sind\/","og_site_name":"Esplanade Tergesteo","article_modified_time":"2022-12-01T11:07:42+00:00","og_image":[{"width":1440,"height":880,"url":"https:\/\/www.esplanadetergesteo.it\/wp-content\/uploads\/2022\/02\/Banner_1-1.jpg","type":"image\/jpeg"}],"twitter_card":"summary_large_image","twitter_misc":{"Gesch\u00e4tzte Lesezeit":"1\u00a0Minute"},"schema":{"@context":"https:\/\/schema.org","@graph":[{"@type":"WebPage","@id":"https:\/\/www.esplanadetergesteo.it\/de\/hotel-und-leistungen\/wer-wir-sind\/","url":"https:\/\/www.esplanadetergesteo.it\/de\/hotel-und-leistungen\/wer-wir-sind\/","name":"\u00dcber uns|5-Sterne-Hotel Esplanade Tergesteo","isPartOf":{"@id":"https:\/\/www.esplanadetergesteo.it\/#website"},"primaryImageOfPage":{"@id":"https:\/\/www.esplanadetergesteo.it\/de\/hotel-und-leistungen\/wer-wir-sind\/#primaryimage"},"image":{"@id":"https:\/\/www.esplanadetergesteo.it\/de\/hotel-und-leistungen\/wer-wir-sind\/#primaryimage"},"thumbnailUrl":"https:\/\/www.esplanadetergesteo.it\/wp-content\/uploads\/2022\/02\/Banner_1-1.jpg","datePublished":"2022-01-10T10:26:29+00:00","dateModified":"2022-12-01T11:07:42+00:00","description":"Das Thermenhotel f\u00fcr eine erstklassige Auszeit in stilvollem Ambiente. Erfahren Sie hier mehr \u00fcber unsere Philosophie, Vision und Gastfreundschaft.","breadcrumb":{"@id":"https:\/\/www.esplanadetergesteo.it\/de\/hotel-und-leistungen\/wer-wir-sind\/#breadcrumb"},"inLanguage":"de","potentialAction":[{"@type":"ReadAction","target":["https:\/\/www.esplanadetergesteo.it\/de\/hotel-und-leistungen\/wer-wir-sind\/"]}]},{"@type":"ImageObject","inLanguage":"de","@id":"https:\/\/www.esplanadetergesteo.it\/de\/hotel-und-leistungen\/wer-wir-sind\/#primaryimage","url":"https:\/\/www.esplanadetergesteo.it\/wp-content\/uploads\/2022\/02\/Banner_1-1.jpg","contentUrl":"https:\/\/www.esplanadetergesteo.it\/wp-content\/uploads\/2022\/02\/Banner_1-1.jpg","width":1440,"height":880,"caption":"Esplanade tergesteo - luxury retreat"},{"@type":"BreadcrumbList","@id":"https:\/\/www.esplanadetergesteo.it\/de\/hotel-und-leistungen\/wer-wir-sind\/#breadcrumb","itemListElement":[{"@type":"ListItem","position":1,"name":"Home","item":"https:\/\/www.esplanadetergesteo.it\/de\/"},{"@type":"ListItem","position":2,"name":"Hotel &#038; Facilities","item":"https:\/\/www.esplanadetergesteo.it\/de\/hotel-und-leistungen\/"},{"@type":"ListItem","position":3,"name":"Wer wir sind"}]},{"@type":"WebSite","@id":"https:\/\/www.esplanadetergesteo.it\/#website","url":"https:\/\/www.esplanadetergesteo.it\/","name":"Esplanade Tergesteo","description":"","potentialAction":[{"@type":"SearchAction","target":{"@type":"EntryPoint","urlTemplate":"https:\/\/www.esplanadetergesteo.it\/?s={search_term_string}"},"query-input":{"@type":"PropertyValueSpecification","valueRequired":true,"valueName":"search_term_string"}}],"inLanguage":"de"}]}},"_links":{"self":[{"href":"https:\/\/www.esplanadetergesteo.it\/de\/wp-json\/wp\/v2\/pages\/3284","targetHints":{"allow":["GET"]}}],"collection":[{"href":"https:\/\/www.esplanadetergesteo.it\/de\/wp-json\/wp\/v2\/pages"}],"about":[{"href":"https:\/\/www.esplanadetergesteo.it\/de\/wp-json\/wp\/v2\/types\/page"}],"author":[{"embeddable":true,"href":"https:\/\/www.esplanadetergesteo.it\/de\/wp-json\/wp\/v2\/users\/9"}],"replies":[{"embeddable":true,"href":"https:\/\/www.esplanadetergesteo.it\/de\/wp-json\/wp\/v2\/comments?post=3284"}],"version-history":[{"count":3,"href":"https:\/\/www.esplanadetergesteo.it\/de\/wp-json\/wp\/v2\/pages\/3284\/revisions"}],"predecessor-version":[{"id":4659,"href":"https:\/\/www.esplanadetergesteo.it\/de\/wp-json\/wp\/v2\/pages\/3284\/revisions\/4659"}],"up":[{"embeddable":true,"href":"https:\/\/www.esplanadetergesteo.it\/de\/wp-json\/wp\/v2\/pages\/3227"}],"wp:featuredmedia":[{"embeddable":true,"href":"https:\/\/www.esplanadetergesteo.it\/de\/wp-json\/wp\/v2\/media\/1488"}],"wp:attachment":[{"href":"https:\/\/www.esplanadetergesteo.it\/de\/wp-json\/wp\/v2\/media?parent=3284"}],"curies":[{"name":"wp","href":"https:\/\/api.w.org\/{rel}","templated":true}]}}